{"id":3498,"date":"2025-01-19T21:48:57","date_gmt":"2025-01-20T02:48:57","guid":{"rendered":"https:\/\/ngtek.ca\/produit\/2-ice-jiggers-2-carry-bags\/"},"modified":"2025-02-17T18:58:49","modified_gmt":"2025-02-17T23:58:49","slug":"2-ice-jiggers-2-carry-bags","status":"publish","type":"product","link":"https:\/\/dev.ngtek.ca\/en\/produit\/2-ice-jiggers-2-carry-bags\/","title":{"rendered":"2 Ice Jiggers + 2 carry bags"},"content":{"rendered":"\t\t<div data-elementor-type=\"wp-post\" data-elementor-id=\"3498\" class=\"elementor elementor-3498 elementor-3459\">\n\t\t\t\t\t\t<section class=\"elementor-section elementor-top-section elementor-element elementor-element-1826ce4 elementor-section-boxed elementor-section-height-default elementor-section-height-default\" data-id=\"1826ce4\" data-element_type=\"section\" data-e-type=\"section\">\n\t\t\t\t\t\t<div class=\"elementor-container elementor-column-gap-default\">\n\t\t\t\t\t<div class=\"elementor-column elementor-col-100 elementor-top-column elementor-element elementor-element-1c1531b\" data-id=\"1c1531b\" data-element_type=\"column\" data-e-type=\"column\">\n\t\t\t<div class=\"elementor-widget-wrap elementor-element-populated\">\n\t\t\t\t\t\t<section class=\"elementor-section elementor-inner-section elementor-element elementor-element-2de98fa elementor-section-boxed elementor-section-height-default elementor-section-height-default\" data-id=\"2de98fa\" data-element_type=\"section\" data-e-type=\"section\">\n\t\t\t\t\t\t<div class=\"elementor-container elementor-column-gap-default\">\n\t\t\t\t\t<div class=\"elementor-column elementor-col-100 elementor-inner-column elementor-element elementor-element-7dc2def\" data-id=\"7dc2def\" data-element_type=\"column\" data-e-type=\"column\">\n\t\t\t<div class=\"elementor-widget-wrap elementor-element-populated\">\n\t\t\t\t\t\t<div class=\"elementor-element elementor-element-d9b39e5 elementor-widget elementor-widget-text-editor\" data-id=\"d9b39e5\" data-element_type=\"widget\" data-e-type=\"widget\" data-widget_type=\"text-editor.default\">\n\t\t\t\t<div class=\"elementor-widget-container\">\n\t\t\t\t\t\t\t\t\t<p>Le Ice Jigger est un appareil con\u00e7u afin de donner vie \u00e0 vos app\u00e2ts durant une s\u00e9ance de p\u00eache sur glace. Il s\u2019utilise \u00e0 l\u2019aide d\u2019une canne de p\u00eache sur glace (longueur maximale de 32&#8243;) de type moulinet ouvert (spinning) qui est prise en charge par le support pr\u00e9vu \u00e0 cet effet.<\/p><p>(Canne \u00e0 p\u00eache non comprise)<\/p>\t\t\t\t\t\t\t\t<\/div>\n\t\t\t\t<\/div>\n\t\t\t\t\t<\/div>\n\t\t<\/div>\n\t\t\t\t\t<\/div>\n\t\t<\/section>\n\t\t\t\t\t<\/div>\n\t\t<\/div>\n\t\t\t\t\t<\/div>\n\t\t<\/section>\n\t\t\t\t<\/div>\n\t\t","protected":false},"excerpt":{"rendered":"<p>NGtek is proud to present the new and improved version of the Ice Jigger. The device now has a light on each side, a more robust motor, a durable injected plastic housing, a 7.2V battery and a screw-on battery door.<\/p>\n<p>Included in this kit:<br \/>\n&#8211; 2 Ice Jiggers<br \/>\n&#8211; 2 Tripods<br \/>\n&#8211; 2 7.2V rechargeable batteries<br \/>\n&#8211; 2 Battery chargers<br \/>\n&#8211; 2 Simple carrying bags<\/p>\n","protected":false},"featured_media":3461,"comment_status":"open","ping_status":"closed","template":"","meta":{"_acf_changed":false,"_monsterinsights_skip_tracking":false,"_monsterinsights_sitenote_active":false,"_monsterinsights_sitenote_note":"","_monsterinsights_sitenote_category":0,"_uf_show_specific_survey":0,"_uf_disable_surveys":false},"product_brand":[],"product_cat":[56],"product_tag":[],"class_list":{"0":"post-3498","1":"product","2":"type-product","3":"status-publish","4":"has-post-thumbnail","6":"product_cat-fishing","7":"product_shipping_class-boites-en","9":"first","10":"outofstock","11":"taxable","12":"shipping-taxable","13":"purchasable","14":"product-type-simple"},"acf":[],"aioseo_notices":[],"_links":{"self":[{"href":"https:\/\/dev.ngtek.ca\/en\/wp-json\/wp\/v2\/product\/3498","targetHints":{"allow":["GET"]}}],"collection":[{"href":"https:\/\/dev.ngtek.ca\/en\/wp-json\/wp\/v2\/product"}],"about":[{"href":"https:\/\/dev.ngtek.ca\/en\/wp-json\/wp\/v2\/types\/product"}],"replies":[{"embeddable":true,"href":"https:\/\/dev.ngtek.ca\/en\/wp-json\/wp\/v2\/comments?post=3498"}],"version-history":[{"count":2,"href":"https:\/\/dev.ngtek.ca\/en\/wp-json\/wp\/v2\/product\/3498\/revisions"}],"predecessor-version":[{"id":3583,"href":"https:\/\/dev.ngtek.ca\/en\/wp-json\/wp\/v2\/product\/3498\/revisions\/3583"}],"wp:featuredmedia":[{"embeddable":true,"href":"https:\/\/dev.ngtek.ca\/en\/wp-json\/wp\/v2\/media\/3461"}],"wp:attachment":[{"href":"https:\/\/dev.ngtek.ca\/en\/wp-json\/wp\/v2\/media?parent=3498"}],"wp:term":[{"taxonomy":"product_brand","embeddable":true,"href":"https:\/\/dev.ngtek.ca\/en\/wp-json\/wp\/v2\/product_brand?post=3498"},{"taxonomy":"product_cat","embeddable":true,"href":"https:\/\/dev.ngtek.ca\/en\/wp-json\/wp\/v2\/product_cat?post=3498"},{"taxonomy":"product_tag","embeddable":true,"href":"https:\/\/dev.ngtek.ca\/en\/wp-json\/wp\/v2\/product_tag?post=3498"}],"curies":[{"name":"wp","href":"https:\/\/api.w.org\/{rel}","templated":true}]}}